 
{"id":2,"date":"2017-04-10T06:29:09","date_gmt":"2017-04-10T06:29:09","guid":{"rendered":"http:\/\/nt12.chonweb.vn\/?page_id=2"},"modified":"2026-03-25T09:59:12","modified_gmt":"2026-03-25T02:59:12","slug":"trang-chu","status":"publish","type":"page","link":"https:\/\/t0zbmwlwz.thietke247.com\/vi\/","title":{"rendered":"Trang ch\u1ee7"},"content":{"rendered":"<p>\u0110\u00e2y l\u00e0 trang ch\u1ee7&#8230;&#8230;&#8230;..<\/p>\n","protected":false},"excerpt":{"rendered":"<p>\u0110\u00e2y l\u00e0 trang ch\u1ee7&#8230;&#8230;&#8230;..<\/p>\n","protected":false},"author":1,"featured_media":0,"parent":0,"menu_order":0,"comment_status":"closed","ping_status":"open","template":"","meta":{"footnotes":""},"class_list":["post-2","page","type-page","status-publish","hentry"],"yoast_head":"<!-- This site is optimized with the Yoast SEO plugin v14.3 - https:\/\/yoast.com\/wordpress\/plugins\/seo\/ -->\n<title>Trang ch\u1ee7 - Japan Travel - Asahi VietLife<\/title>\n<meta name=\"robots\" content=\"noindex, follow\" \/>\n<meta property=\"og:locale\" content=\"vi_VN\" \/>\n<meta property=\"og:type\" content=\"article\" \/>\n<meta property=\"og:title\" content=\"Trang ch\u1ee7 - Japan Travel - Asahi VietLife\" \/>\n<meta property=\"og:description\" content=\"\u0110\u00e2y l\u00e0 trang ch\u1ee7&#8230;&#8230;&#8230;..\" \/>\n<meta property=\"og:url\" content=\"https:\/\/asahijapantours.com\/\" \/>\n<meta property=\"og:site_name\" content=\"Japan Travel - Asahi VietLife\" \/>\n<meta property=\"article:modified_time\" content=\"2026-03-25T02:59:12+00:00\" \/>\n<meta name=\"twitter:card\" content=\"summary\" \/>\n<script type=\"application\/ld+json\" class=\"yoast-schema-graph\">{\"@context\":\"https:\/\/schema.org\",\"@graph\":[{\"@type\":\"WebSite\",\"@id\":\"https:\/\/t0zbmwlwz.thietke247.com\/vi\/#website\",\"url\":\"https:\/\/t0zbmwlwz.thietke247.com\/vi\/\",\"name\":\"Japan Travel - Asahi VietLife\",\"description\":\"Japan Tour Packages\",\"potentialAction\":[{\"@type\":\"SearchAction\",\"target\":\"https:\/\/t0zbmwlwz.thietke247.com\/vi\/?s={search_term_string}\",\"query-input\":\"required name=search_term_string\"}],\"inLanguage\":\"vi\"},{\"@type\":\"WebPage\",\"@id\":\"https:\/\/asahijapantours.com\/#webpage\",\"url\":\"https:\/\/asahijapantours.com\/\",\"name\":\"Trang ch\\u1ee7 - Japan Travel - Asahi VietLife\",\"isPartOf\":{\"@id\":\"https:\/\/t0zbmwlwz.thietke247.com\/vi\/#website\"},\"datePublished\":\"2017-04-10T06:29:09+00:00\",\"dateModified\":\"2026-03-25T02:59:12+00:00\",\"breadcrumb\":{\"@id\":\"https:\/\/asahijapantours.com\/#breadcrumb\"},\"inLanguage\":\"vi\",\"potentialAction\":[{\"@type\":\"ReadAction\",\"target\":[[\"https:\/\/asahijapantours.com\/\"]]}]},{\"@type\":\"BreadcrumbList\",\"@id\":\"https:\/\/asahijapantours.com\/#breadcrumb\",\"itemListElement\":[{\"@type\":\"ListItem\",\"position\":1,\"item\":{\"@type\":\"WebPage\",\"@id\":\"https:\/\/asahijapantours.com\/\",\"url\":\"https:\/\/asahijapantours.com\/\",\"name\":\"AsahiVietLife-Explore Japan\"}},{\"@type\":\"ListItem\",\"position\":2,\"item\":{\"@type\":\"WebPage\",\"@id\":\"https:\/\/asahijapantours.com\/\",\"url\":\"https:\/\/asahijapantours.com\/\",\"name\":\"Trang ch\\u1ee7\"}}]}]}<\/script>\n<!-- \/ Yoast SEO plugin. -->","_links":{"self":[{"href":"https:\/\/t0zbmwlwz.thietke247.com\/vi\/wp-json\/wp\/v2\/pages\/2","targetHints":{"allow":["GET"]}}],"collection":[{"href":"https:\/\/t0zbmwlwz.thietke247.com\/vi\/wp-json\/wp\/v2\/pages"}],"about":[{"href":"https:\/\/t0zbmwlwz.thietke247.com\/vi\/wp-json\/wp\/v2\/types\/page"}],"author":[{"embeddable":true,"href":"https:\/\/t0zbmwlwz.thietke247.com\/vi\/wp-json\/wp\/v2\/users\/1"}],"replies":[{"embeddable":true,"href":"https:\/\/t0zbmwlwz.thietke247.com\/vi\/wp-json\/wp\/v2\/comments?post=2"}],"version-history":[{"count":2,"href":"https:\/\/t0zbmwlwz.thietke247.com\/vi\/wp-json\/wp\/v2\/pages\/2\/revisions"}],"predecessor-version":[{"id":464,"href":"https:\/\/t0zbmwlwz.thietke247.com\/vi\/wp-json\/wp\/v2\/pages\/2\/revisions\/464"}],"wp:attachment":[{"href":"https:\/\/t0zbmwlwz.thietke247.com\/vi\/wp-json\/wp\/v2\/media?parent=2"}],"curies":[{"name":"wp","href":"https:\/\/api.w.org\/{rel}","templated":true}]}}